{"id":1617,"date":"2021-08-04T14:13:50","date_gmt":"2021-08-04T12:13:50","guid":{"rendered":"http:\/\/prevencine.com\/?page_id=1617"},"modified":"2023-11-15T14:41:14","modified_gmt":"2023-11-15T13:41:14","slug":"formacion","status":"publish","type":"page","link":"https:\/\/prevencine.com\/en\/formacion\/","title":{"rendered":"Training"},"content":{"rendered":"<div data-elementor-type=\"wp-page\" data-elementor-id=\"1617\" class=\"elementor elementor-1617\" data-elementor-post-type=\"page\">\n\t\t\t\t\t\t<section class=\"elementor-section elementor-top-section elementor-element elementor-element-6008b45 elementor-section-height-min-height elementor-section-boxed elementor-section-height-default elementor-section-items-middle\" data-id=\"6008b45\" data-element_type=\"section\" data-settings=\"{&quot;background_background&quot;:&quot;classic&quot;,&quot;background_motion_fx_motion_fx_scrolling&quot;:&quot;yes&quot;,&quot;background_motion_fx_translateY_effect&quot;:&quot;yes&quot;,&quot;background_motion_fx_translateY_speed&quot;:{&quot;unit&quot;:&quot;px&quot;,&quot;size&quot;:5,&quot;sizes&quot;:[]},&quot;background_motion_fx_range&quot;:&quot;page&quot;,&quot;background_motion_fx_translateY_affectedRange&quot;:{&quot;unit&quot;:&quot;%&quot;,&quot;size&quot;:&quot;&quot;,&quot;sizes&quot;:{&quot;start&quot;:0,&quot;end&quot;:100}},&quot;background_motion_fx_devices&quot;:[&quot;desktop&quot;,&quot;laptop&quot;,&quot;tablet&quot;,&quot;mobile&quot;]}\">\n\t\t\t\t\t\t\t<div class=\"elementor-background-overlay\"><\/div>\n\t\t\t\t\t\t\t<div class=\"elementor-container elementor-column-gap-default\">\n\t\t\t\t\t<div class=\"elementor-column elementor-col-100 elementor-top-column elementor-element elementor-element-499f022 elementor-invisible\" data-id=\"499f022\" data-element_type=\"column\" data-settings=\"{&quot;animation&quot;:&quot;fadeIn&quot;}\">\n\t\t\t<div class=\"elementor-widget-wrap elementor-element-populated\">\n\t\t\t\t\t\t<div class=\"elementor-element elementor-element-38798c2 elementor-widget elementor-widget-heading\" data-id=\"38798c2\" data-element_type=\"widget\" data-widget_type=\"heading.default\">\n\t\t\t\t<div class=\"elementor-widget-container\">\n\t\t\t<h1 class=\"elementor-heading-title elementor-size-default translation-block\"><span style=\"color:#91AFEB\">Information &amp; training <\/span>online platform<\/h1>\t\t<\/div>\n\t\t\t\t<\/div>\n\t\t\t\t\t<\/div>\n\t\t<\/div>\n\t\t\t\t\t<\/div>\n\t\t<\/section>\n\t\t\t\t<section class=\"elementor-section elementor-top-section elementor-element elementor-element-bb56de0 elementor-section-boxed elementor-section-height-default elementor-section-height-default\" data-id=\"bb56de0\" data-element_type=\"section\">\n\t\t\t\t\t\t<div class=\"elementor-container elementor-column-gap-default\">\n\t\t\t\t\t<div class=\"elementor-column elementor-col-100 elementor-top-column elementor-element elementor-element-3e10c19\" data-id=\"3e10c19\" data-element_type=\"column\">\n\t\t\t<div class=\"elementor-widget-wrap elementor-element-populated\">\n\t\t\t\t\t\t<div class=\"elementor-element elementor-element-2c6e8f1 elementor-widget elementor-widget-text-editor\" data-id=\"2c6e8f1\" data-element_type=\"widget\" data-widget_type=\"text-editor.default\">\n\t\t\t\t<div class=\"elementor-widget-container\">\n\t\t\t\t\t\t\t<p><strong><em>Working on it<\/em><\/strong><br \/>If you want information, <a href=\"https:\/\/prevencine.com\/en\/contacto\/\">contact us<\/a><\/p>\t\t\t\t\t\t<\/div>\n\t\t\t\t<\/div>\n\t\t\t\t\t<\/div>\n\t\t<\/div>\n\t\t\t\t\t<\/div>\n\t\t<\/section>\n\t\t\t\t<\/div>","protected":false},"excerpt":{"rendered":"<p>Plataforma Online de Informaci\u00f3n y Formaci\u00f3n EN DESARROLLOSi quieres informaci\u00f3n al respecto, ponte en contacto con nosotros<\/p>","protected":false},"author":1,"featured_media":0,"parent":0,"menu_order":0,"comment_status":"closed","ping_status":"closed","template":"elementor_header_footer","meta":{"footnotes":""},"yoast_head":"<!-- This site is optimized with the Yoast SEO plugin v22.9 - https:\/\/yoast.com\/wordpress\/plugins\/seo\/ -->\n<title>Formaci\u00f3n - Prevencine<\/title>\n<meta name=\"description\" content=\"Plataforma online de informaci\u00f3n y formaci\u00f3n de Prevenci\u00f3n de Riesgos Laborales en la Producci\u00f3n que agiliza los procesos.\" \/>\n<meta name=\"robots\" content=\"index, follow, max-snippet:-1, max-image-preview:large, max-video-preview:-1\" \/>\n<link rel=\"canonical\" href=\"https:\/\/prevencine.com\/en\/formacion\/\" \/>\n<meta property=\"og:locale\" content=\"en_GB\" \/>\n<meta property=\"og:type\" content=\"article\" \/>\n<meta property=\"og:title\" content=\"Formaci\u00f3n - Prevencine\" \/>\n<meta property=\"og:description\" content=\"Plataforma online de informaci\u00f3n y formaci\u00f3n de Prevenci\u00f3n de Riesgos Laborales en la Producci\u00f3n que agiliza los procesos.\" \/>\n<meta property=\"og:url\" content=\"https:\/\/prevencine.com\/en\/formacion\/\" \/>\n<meta property=\"og:site_name\" content=\"Prevencine\" \/>\n<meta property=\"article:modified_time\" content=\"2023-11-15T13:41:14+00:00\" \/>\n<meta name=\"twitter:card\" content=\"summary_large_image\" \/>\n<meta name=\"twitter:label1\" content=\"Estimated reading time\" \/>\n\t<meta name=\"twitter:data1\" content=\"1 minute\" \/>\n<script type=\"application\/ld+json\" class=\"yoast-schema-graph\">{\"@context\":\"https:\/\/schema.org\",\"@graph\":[{\"@type\":\"WebPage\",\"@id\":\"https:\/\/prevencine.com\/formacion\/\",\"url\":\"https:\/\/prevencine.com\/formacion\/\",\"name\":\"Formaci\u00f3n - Prevencine\",\"isPartOf\":{\"@id\":\"https:\/\/prevencine.com\/#website\"},\"datePublished\":\"2021-08-04T12:13:50+00:00\",\"dateModified\":\"2023-11-15T13:41:14+00:00\",\"description\":\"Plataforma online de informaci\u00f3n y formaci\u00f3n de Prevenci\u00f3n de Riesgos Laborales en la Producci\u00f3n que agiliza los procesos.\",\"breadcrumb\":{\"@id\":\"https:\/\/prevencine.com\/formacion\/#breadcrumb\"},\"inLanguage\":\"en-GB\",\"potentialAction\":[{\"@type\":\"ReadAction\",\"target\":[\"https:\/\/prevencine.com\/formacion\/\"]}]},{\"@type\":\"BreadcrumbList\",\"@id\":\"https:\/\/prevencine.com\/formacion\/#breadcrumb\",\"itemListElement\":[{\"@type\":\"ListItem\",\"position\":1,\"name\":\"Portada\",\"item\":\"https:\/\/prevencine.com\/\"},{\"@type\":\"ListItem\",\"position\":2,\"name\":\"Formaci\u00f3n\"}]},{\"@type\":\"WebSite\",\"@id\":\"https:\/\/prevencine.com\/#website\",\"url\":\"https:\/\/prevencine.com\/\",\"name\":\"Prevencine\",\"description\":\"\",\"publisher\":{\"@id\":\"https:\/\/prevencine.com\/#organization\"},\"potentialAction\":[{\"@type\":\"SearchAction\",\"target\":{\"@type\":\"EntryPoint\",\"urlTemplate\":\"https:\/\/prevencine.com\/?s={search_term_string}\"},\"query-input\":\"required name=search_term_string\"}],\"inLanguage\":\"en-GB\"},{\"@type\":\"Organization\",\"@id\":\"https:\/\/prevencine.com\/#organization\",\"name\":\"Prevencine\",\"url\":\"https:\/\/prevencine.com\/\",\"logo\":{\"@type\":\"ImageObject\",\"inLanguage\":\"en-GB\",\"@id\":\"https:\/\/prevencine.com\/#\/schema\/logo\/image\/\",\"url\":\"https:\/\/prevencine.com\/wp-content\/uploads\/2021\/07\/B_isotipo@3x.png\",\"contentUrl\":\"https:\/\/prevencine.com\/wp-content\/uploads\/2021\/07\/B_isotipo@3x.png\",\"width\":462,\"height\":577,\"caption\":\"Prevencine\"},\"image\":{\"@id\":\"https:\/\/prevencine.com\/#\/schema\/logo\/image\/\"}}]}<\/script>\n<!-- \/ Yoast SEO plugin. -->","yoast_head_json":{"title":"Formaci\u00f3n - Prevencine","description":"Plataforma online de informaci\u00f3n y formaci\u00f3n de Prevenci\u00f3n de Riesgos Laborales en la Producci\u00f3n que agiliza los procesos.","robots":{"index":"index","follow":"follow","max-snippet":"max-snippet:-1","max-image-preview":"max-image-preview:large","max-video-preview":"max-video-preview:-1"},"canonical":"https:\/\/prevencine.com\/en\/formacion\/","og_locale":"en_GB","og_type":"article","og_title":"Formaci\u00f3n - Prevencine","og_description":"Plataforma online de informaci\u00f3n y formaci\u00f3n de Prevenci\u00f3n de Riesgos Laborales en la Producci\u00f3n que agiliza los procesos.","og_url":"https:\/\/prevencine.com\/en\/formacion\/","og_site_name":"Prevencine","article_modified_time":"2023-11-15T13:41:14+00:00","twitter_card":"summary_large_image","twitter_misc":{"Estimated reading time":"1 minute"},"schema":{"@context":"https:\/\/schema.org","@graph":[{"@type":"WebPage","@id":"https:\/\/prevencine.com\/formacion\/","url":"https:\/\/prevencine.com\/formacion\/","name":"Formaci\u00f3n - Prevencine","isPartOf":{"@id":"https:\/\/prevencine.com\/#website"},"datePublished":"2021-08-04T12:13:50+00:00","dateModified":"2023-11-15T13:41:14+00:00","description":"Plataforma online de informaci\u00f3n y formaci\u00f3n de Prevenci\u00f3n de Riesgos Laborales en la Producci\u00f3n que agiliza los procesos.","breadcrumb":{"@id":"https:\/\/prevencine.com\/formacion\/#breadcrumb"},"inLanguage":"en-GB","potentialAction":[{"@type":"ReadAction","target":["https:\/\/prevencine.com\/formacion\/"]}]},{"@type":"BreadcrumbList","@id":"https:\/\/prevencine.com\/formacion\/#breadcrumb","itemListElement":[{"@type":"ListItem","position":1,"name":"Portada","item":"https:\/\/prevencine.com\/"},{"@type":"ListItem","position":2,"name":"Formaci\u00f3n"}]},{"@type":"WebSite","@id":"https:\/\/prevencine.com\/#website","url":"https:\/\/prevencine.com\/","name":"Prevencine","description":"","publisher":{"@id":"https:\/\/prevencine.com\/#organization"},"potentialAction":[{"@type":"SearchAction","target":{"@type":"EntryPoint","urlTemplate":"https:\/\/prevencine.com\/?s={search_term_string}"},"query-input":"required name=search_term_string"}],"inLanguage":"en-GB"},{"@type":"Organization","@id":"https:\/\/prevencine.com\/#organization","name":"Prevencine","url":"https:\/\/prevencine.com\/","logo":{"@type":"ImageObject","inLanguage":"en-GB","@id":"https:\/\/prevencine.com\/#\/schema\/logo\/image\/","url":"https:\/\/prevencine.com\/wp-content\/uploads\/2021\/07\/B_isotipo@3x.png","contentUrl":"https:\/\/prevencine.com\/wp-content\/uploads\/2021\/07\/B_isotipo@3x.png","width":462,"height":577,"caption":"Prevencine"},"image":{"@id":"https:\/\/prevencine.com\/#\/schema\/logo\/image\/"}}]}},"_links":{"self":[{"href":"https:\/\/prevencine.com\/en\/wp-json\/wp\/v2\/pages\/1617"}],"collection":[{"href":"https:\/\/prevencine.com\/en\/wp-json\/wp\/v2\/pages"}],"about":[{"href":"https:\/\/prevencine.com\/en\/wp-json\/wp\/v2\/types\/page"}],"author":[{"embeddable":true,"href":"https:\/\/prevencine.com\/en\/wp-json\/wp\/v2\/users\/1"}],"replies":[{"embeddable":true,"href":"https:\/\/prevencine.com\/en\/wp-json\/wp\/v2\/comments?post=1617"}],"version-history":[{"count":84,"href":"https:\/\/prevencine.com\/en\/wp-json\/wp\/v2\/pages\/1617\/revisions"}],"predecessor-version":[{"id":5505,"href":"https:\/\/prevencine.com\/en\/wp-json\/wp\/v2\/pages\/1617\/revisions\/5505"}],"wp:attachment":[{"href":"https:\/\/prevencine.com\/en\/wp-json\/wp\/v2\/media?parent=1617"}],"curies":[{"name":"wp","href":"https:\/\/api.w.org\/{rel}","templated":true}]}}