{"id":3101,"date":"2022-11-16T14:15:06","date_gmt":"2022-11-16T13:15:06","guid":{"rendered":"http:\/\/prevencine.com\/?page_id=3101"},"modified":"2023-05-19T02:25:41","modified_gmt":"2023-05-19T00:25:41","slug":"aviso-legal","status":"publish","type":"page","link":"http:\/\/prevencine.com\/en\/aviso-legal\/","title":{"rendered":"Aviso Legal"},"content":{"rendered":"<div data-elementor-type=\"wp-page\" data-elementor-id=\"3101\" class=\"elementor elementor-3101\" data-elementor-post-type=\"page\">\n\t\t\t\t\t\t<section class=\"elementor-section elementor-top-section elementor-element elementor-element-5951f55 elementor-section-boxed elementor-section-height-default elementor-section-height-default\" data-id=\"5951f55\" data-element_type=\"section\">\n\t\t\t\t\t\t<div class=\"elementor-container elementor-column-gap-default\">\n\t\t\t\t\t<div class=\"elementor-column elementor-col-100 elementor-top-column elementor-element elementor-element-52063df\" data-id=\"52063df\" data-element_type=\"column\">\n\t\t\t<div class=\"elementor-widget-wrap elementor-element-populated\">\n\t\t\t\t\t\t<div class=\"elementor-element elementor-element-ca1b88c elementor-widget elementor-widget-heading\" data-id=\"ca1b88c\" data-element_type=\"widget\" data-widget_type=\"heading.default\">\n\t\t\t\t<div class=\"elementor-widget-container\">\n\t\t\t<h1 class=\"elementor-heading-title elementor-size-default\">Aviso Legal<\/h1>\t\t<\/div>\n\t\t\t\t<\/div>\n\t\t\t\t\t<\/div>\n\t\t<\/div>\n\t\t\t\t\t<\/div>\n\t\t<\/section>\n\t\t\t\t<section class=\"elementor-section elementor-top-section elementor-element elementor-element-40f731a elementor-section-boxed elementor-section-height-default elementor-section-height-default\" data-id=\"40f731a\" data-element_type=\"section\">\n\t\t\t\t\t\t<div class=\"elementor-container elementor-column-gap-default\">\n\t\t\t\t\t<div class=\"elementor-column elementor-col-100 elementor-top-column elementor-element elementor-element-a2abcc7\" data-id=\"a2abcc7\" data-element_type=\"column\">\n\t\t\t<div class=\"elementor-widget-wrap elementor-element-populated\">\n\t\t\t\t\t\t<div class=\"elementor-element elementor-element-71fb316 elementor-widget elementor-widget-text-editor\" data-id=\"71fb316\" data-element_type=\"widget\" data-widget_type=\"text-editor.default\">\n\t\t\t\t<div class=\"elementor-widget-container\">\n\t\t\t\t\t\t\t<p>PRL PREVENCINE MOVIE SAFE SL (La Empresa, en adelante), provisto con NIF\/CIF B-88319280, con direcci\u00f3n social en C\/ Aguacate 41, Edificio A, Portal 1, Planta 2a, Local n\u00ba4, 28054, Madrid.; no puede asumir ninguna responsabilidad derivada del uso incorrecto, inapropiado o il\u00edcito de la informaci\u00f3n aparecida en la p\u00e1gina de Internet de www.prevencine.com.<\/p><p>Con los l\u00edmites establecidos en la ley, PRL PREVENCINE MOVIE SAFE SL no asume ninguna responsabilidad derivada de la falta de veracidad, integridad, actualizaci\u00f3n y precisi\u00f3n de los datos o informaciones que se contienen en sus p\u00e1ginas de Internet.www.prevencine.com.<\/p><p>Los contenidos e informaci\u00f3n no vinculan a La Empresa ni constituyen opiniones, consejos o asesoramiento legal de ning\u00fan tipo pues se trata meramente de un servicio ofrecido con car\u00e1cter informativo y divulgativo.www.prevencine.com.<\/p><p>La p\u00e1gina de Internet de www.prevencine.com puede contener enlaces (links) a otras p\u00e1ginas de terceras partes que La Empresa no puede controlar. Por lo tanto, La Empresa no puede asumir responsabilidades por el contenido que pueda aparecer en p\u00e1ginas de terceros.www.prevencine.com.<\/p><p>Los textos, im\u00e1genes, sonidos, animaciones, software y el resto de contenidos incluidos en este website son propiedad exclusiva de La Empresa o sus licenciantes. Cualquier acto de transmisi\u00f3n, distribuci\u00f3n, cesi\u00f3n, reproducci\u00f3n, almacenamiento o comunicaci\u00f3n p\u00fablica total o parcial, debe contar con el consentimiento expreso de La Empresa.www.prevencine.com.<\/p><p>Asimismo, para acceder a algunos de los servicios que La Empresa ofrece a trav\u00e9s del website deber\u00e1 proporcionar algunos datos de car\u00e1cter personal. En cumplimiento de lo establecido en el Reglamento (UE) 2016\/679 del Parlamento Europeo y del Consejo, de 27 de abril de 2016, relativo a la protecci\u00f3n de las personas f\u00edsicas en lo que respecta al tratamiento de datos personales y a la libre circulaci\u00f3n de estos datos le informamos que, mediante la cumplimentaci\u00f3n de los presentes formularios, sus datos personales quedar\u00e1n incorporados y ser\u00e1n tratados en los ficheros de La Empresa con el fin de poderle prestar y ofrecer nuestros servicios as\u00ed como para informarle de las mejoras del sitio Web. Asimismo, le informamos de la posibilidad de que ejerza los derechos de acceso, rectificaci\u00f3n, cancelaci\u00f3n y oposici\u00f3n de sus datos de car\u00e1cter personal, manera gratuita mediante email a contacto@prevencine.com, o en la direcci\u00f3n postal C\/ Aguacate 41, Edificio A, Portal 1, Planta 2a, Local n\u00ba4, 28054, Madrid. www.prevencine.com.<\/p><p>Actualizaci\u00f3n a 28 de noviembre de 2022<\/p>\t\t\t\t\t\t<\/div>\n\t\t\t\t<\/div>\n\t\t\t\t\t<\/div>\n\t\t<\/div>\n\t\t\t\t\t<\/div>\n\t\t<\/section>\n\t\t\t\t<\/div>","protected":false},"excerpt":{"rendered":"<p>Aviso Legal PRL PREVENCINE MOVIE SAFE SL (La Empresa, en adelante), provisto con NIF\/CIF B-88319280, con direcci\u00f3n social en C\/ Aguacate 41, Edificio A, Portal 1, Planta 2a, Local n\u00ba4, 28054, Madrid.; no puede asumir ninguna responsabilidad derivada del uso incorrecto, inapropiado o il\u00edcito de la informaci\u00f3n aparecida en la p\u00e1gina de Internet de www.prevencine.com. [&hellip;]<\/p>","protected":false},"author":1,"featured_media":0,"parent":0,"menu_order":0,"comment_status":"closed","ping_status":"closed","template":"elementor_header_footer","meta":{"footnotes":""},"yoast_head":"<!-- This site is optimized with the Yoast SEO plugin v22.9 - https:\/\/yoast.com\/wordpress\/plugins\/seo\/ -->\n<title>Aviso Legal - Prevencine<\/title>\n<meta name=\"description\" content=\"Aviso Legal de Prevencine\" \/>\n<meta name=\"robots\" content=\"index, follow, max-snippet:-1, max-image-preview:large, max-video-preview:-1\" \/>\n<link rel=\"canonical\" href=\"http:\/\/prevencine.com\/en\/aviso-legal\/\" \/>\n<meta property=\"og:locale\" content=\"en_GB\" \/>\n<meta property=\"og:type\" content=\"article\" \/>\n<meta property=\"og:title\" content=\"Aviso Legal - Prevencine\" \/>\n<meta property=\"og:description\" content=\"Aviso Legal de Prevencine\" \/>\n<meta property=\"og:url\" content=\"http:\/\/prevencine.com\/en\/aviso-legal\/\" \/>\n<meta property=\"og:site_name\" content=\"Prevencine\" \/>\n<meta property=\"article:modified_time\" content=\"2023-05-19T00:25:41+00:00\" \/>\n<meta name=\"twitter:card\" content=\"summary_large_image\" \/>\n<meta name=\"twitter:label1\" content=\"Estimated reading time\" \/>\n\t<meta name=\"twitter:data1\" content=\"2 minutes\" \/>\n<script type=\"application\/ld+json\" class=\"yoast-schema-graph\">{\"@context\":\"https:\/\/schema.org\",\"@graph\":[{\"@type\":\"WebPage\",\"@id\":\"https:\/\/prevencine.com\/aviso-legal\/\",\"url\":\"https:\/\/prevencine.com\/aviso-legal\/\",\"name\":\"Aviso Legal - Prevencine\",\"isPartOf\":{\"@id\":\"https:\/\/prevencine.com\/#website\"},\"datePublished\":\"2022-11-16T13:15:06+00:00\",\"dateModified\":\"2023-05-19T00:25:41+00:00\",\"description\":\"Aviso Legal de Prevencine\",\"breadcrumb\":{\"@id\":\"https:\/\/prevencine.com\/aviso-legal\/#breadcrumb\"},\"inLanguage\":\"en-GB\",\"potentialAction\":[{\"@type\":\"ReadAction\",\"target\":[\"https:\/\/prevencine.com\/aviso-legal\/\"]}]},{\"@type\":\"BreadcrumbList\",\"@id\":\"https:\/\/prevencine.com\/aviso-legal\/#breadcrumb\",\"itemListElement\":[{\"@type\":\"ListItem\",\"position\":1,\"name\":\"Portada\",\"item\":\"https:\/\/prevencine.com\/\"},{\"@type\":\"ListItem\",\"position\":2,\"name\":\"Aviso Legal\"}]},{\"@type\":\"WebSite\",\"@id\":\"https:\/\/prevencine.com\/#website\",\"url\":\"https:\/\/prevencine.com\/\",\"name\":\"Prevencine\",\"description\":\"\",\"publisher\":{\"@id\":\"https:\/\/prevencine.com\/#organization\"},\"potentialAction\":[{\"@type\":\"SearchAction\",\"target\":{\"@type\":\"EntryPoint\",\"urlTemplate\":\"https:\/\/prevencine.com\/?s={search_term_string}\"},\"query-input\":\"required name=search_term_string\"}],\"inLanguage\":\"en-GB\"},{\"@type\":\"Organization\",\"@id\":\"https:\/\/prevencine.com\/#organization\",\"name\":\"Prevencine\",\"url\":\"https:\/\/prevencine.com\/\",\"logo\":{\"@type\":\"ImageObject\",\"inLanguage\":\"en-GB\",\"@id\":\"https:\/\/prevencine.com\/#\/schema\/logo\/image\/\",\"url\":\"http:\/\/prevencine.com\/wp-content\/uploads\/2021\/07\/B_isotipo@3x.png\",\"contentUrl\":\"http:\/\/prevencine.com\/wp-content\/uploads\/2021\/07\/B_isotipo@3x.png\",\"width\":462,\"height\":577,\"caption\":\"Prevencine\"},\"image\":{\"@id\":\"https:\/\/prevencine.com\/#\/schema\/logo\/image\/\"}}]}<\/script>\n<!-- \/ Yoast SEO plugin. -->","yoast_head_json":{"title":"Aviso Legal - Prevencine","description":"Aviso Legal de Prevencine","robots":{"index":"index","follow":"follow","max-snippet":"max-snippet:-1","max-image-preview":"max-image-preview:large","max-video-preview":"max-video-preview:-1"},"canonical":"http:\/\/prevencine.com\/en\/aviso-legal\/","og_locale":"en_GB","og_type":"article","og_title":"Aviso Legal - Prevencine","og_description":"Aviso Legal de Prevencine","og_url":"http:\/\/prevencine.com\/en\/aviso-legal\/","og_site_name":"Prevencine","article_modified_time":"2023-05-19T00:25:41+00:00","twitter_card":"summary_large_image","twitter_misc":{"Estimated reading time":"2 minutes"},"schema":{"@context":"https:\/\/schema.org","@graph":[{"@type":"WebPage","@id":"https:\/\/prevencine.com\/aviso-legal\/","url":"https:\/\/prevencine.com\/aviso-legal\/","name":"Aviso Legal - Prevencine","isPartOf":{"@id":"https:\/\/prevencine.com\/#website"},"datePublished":"2022-11-16T13:15:06+00:00","dateModified":"2023-05-19T00:25:41+00:00","description":"Aviso Legal de Prevencine","breadcrumb":{"@id":"https:\/\/prevencine.com\/aviso-legal\/#breadcrumb"},"inLanguage":"en-GB","potentialAction":[{"@type":"ReadAction","target":["https:\/\/prevencine.com\/aviso-legal\/"]}]},{"@type":"BreadcrumbList","@id":"https:\/\/prevencine.com\/aviso-legal\/#breadcrumb","itemListElement":[{"@type":"ListItem","position":1,"name":"Portada","item":"https:\/\/prevencine.com\/"},{"@type":"ListItem","position":2,"name":"Aviso Legal"}]},{"@type":"WebSite","@id":"https:\/\/prevencine.com\/#website","url":"https:\/\/prevencine.com\/","name":"Prevencine","description":"","publisher":{"@id":"https:\/\/prevencine.com\/#organization"},"potentialAction":[{"@type":"SearchAction","target":{"@type":"EntryPoint","urlTemplate":"https:\/\/prevencine.com\/?s={search_term_string}"},"query-input":"required name=search_term_string"}],"inLanguage":"en-GB"},{"@type":"Organization","@id":"https:\/\/prevencine.com\/#organization","name":"Prevencine","url":"https:\/\/prevencine.com\/","logo":{"@type":"ImageObject","inLanguage":"en-GB","@id":"https:\/\/prevencine.com\/#\/schema\/logo\/image\/","url":"http:\/\/prevencine.com\/wp-content\/uploads\/2021\/07\/B_isotipo@3x.png","contentUrl":"http:\/\/prevencine.com\/wp-content\/uploads\/2021\/07\/B_isotipo@3x.png","width":462,"height":577,"caption":"Prevencine"},"image":{"@id":"https:\/\/prevencine.com\/#\/schema\/logo\/image\/"}}]}},"_links":{"self":[{"href":"http:\/\/prevencine.com\/en\/wp-json\/wp\/v2\/pages\/3101"}],"collection":[{"href":"http:\/\/prevencine.com\/en\/wp-json\/wp\/v2\/pages"}],"about":[{"href":"http:\/\/prevencine.com\/en\/wp-json\/wp\/v2\/types\/page"}],"author":[{"embeddable":true,"href":"http:\/\/prevencine.com\/en\/wp-json\/wp\/v2\/users\/1"}],"replies":[{"embeddable":true,"href":"http:\/\/prevencine.com\/en\/wp-json\/wp\/v2\/comments?post=3101"}],"version-history":[{"count":23,"href":"http:\/\/prevencine.com\/en\/wp-json\/wp\/v2\/pages\/3101\/revisions"}],"predecessor-version":[{"id":5424,"href":"http:\/\/prevencine.com\/en\/wp-json\/wp\/v2\/pages\/3101\/revisions\/5424"}],"wp:attachment":[{"href":"http:\/\/prevencine.com\/en\/wp-json\/wp\/v2\/media?parent=3101"}],"curies":[{"name":"wp","href":"https:\/\/api.w.org\/{rel}","templated":true}]}}