{"id":3099,"date":"2022-11-16T14:14:35","date_gmt":"2022-11-16T13:14:35","guid":{"rendered":"http:\/\/prevencine.com\/?page_id=3099"},"modified":"2023-05-19T02:25:52","modified_gmt":"2023-05-19T00:25:52","slug":"politica-de-cookies","status":"publish","type":"page","link":"http:\/\/prevencine.com\/en\/politica-de-cookies\/","title":{"rendered":"Pol\u00edtica de Cookies"},"content":{"rendered":"<div data-elementor-type=\"wp-page\" data-elementor-id=\"3099\" class=\"elementor elementor-3099\" data-elementor-post-type=\"page\">\n\t\t\t\t\t\t<section class=\"elementor-section elementor-top-section elementor-element elementor-element-cd426a5 elementor-section-boxed elementor-section-height-default elementor-section-height-default\" data-id=\"cd426a5\" data-element_type=\"section\">\n\t\t\t\t\t\t<div class=\"elementor-container elementor-column-gap-default\">\n\t\t\t\t\t<div class=\"elementor-column elementor-col-100 elementor-top-column elementor-element elementor-element-18c58c6\" data-id=\"18c58c6\" data-element_type=\"column\">\n\t\t\t<div class=\"elementor-widget-wrap elementor-element-populated\">\n\t\t\t\t\t\t<div class=\"elementor-element elementor-element-d10e480 elementor-widget elementor-widget-heading\" data-id=\"d10e480\" data-element_type=\"widget\" data-widget_type=\"heading.default\">\n\t\t\t\t<div class=\"elementor-widget-container\">\n\t\t\t<h1 class=\"elementor-heading-title elementor-size-default\">Pol\u00edtica de Cookies<\/h1>\t\t<\/div>\n\t\t\t\t<\/div>\n\t\t\t\t\t<\/div>\n\t\t<\/div>\n\t\t\t\t\t<\/div>\n\t\t<\/section>\n\t\t\t\t<section class=\"elementor-section elementor-top-section elementor-element elementor-element-a9aaeb1 elementor-section-boxed elementor-section-height-default elementor-section-height-default\" data-id=\"a9aaeb1\" data-element_type=\"section\">\n\t\t\t\t\t\t<div class=\"elementor-container elementor-column-gap-default\">\n\t\t\t\t\t<div class=\"elementor-column elementor-col-100 elementor-top-column elementor-element elementor-element-597eecd\" data-id=\"597eecd\" data-element_type=\"column\">\n\t\t\t<div class=\"elementor-widget-wrap elementor-element-populated\">\n\t\t\t\t\t\t<div class=\"elementor-element elementor-element-693a7f3 elementor-widget elementor-widget-text-editor\" data-id=\"693a7f3\" data-element_type=\"widget\" data-widget_type=\"text-editor.default\">\n\t\t\t\t<div class=\"elementor-widget-container\">\n\t\t\t\t\t\t\t<p>PRL PREVENCINE MOVIE SAFE S.L. informa acerca del uso de las cookies en su p\u00e1gina web WWW.PREVENCINE.COM<\/p><p><strong> \u00bfQU\u00c9 SON LAS COOKIES? <\/strong><\/p><p>El acceso a este Sitio Web puede implicar la utilizaci\u00f3n de cookies.<\/p><p>Las cookies son archivos que se pueden descargar en su equipo a trav\u00e9s del acceso a p\u00e1ginas web. Son herramientas que tienen un papel esencial para la prestaci\u00f3n de numerosos servicios de la sociedad de la informaci\u00f3n.<\/p><p>Entre otros, permiten a la p\u00e1gina web almacenar y recuperar informaci\u00f3n sobre los h\u00e1bitos de navegaci\u00f3n de un usuario o de su equipo y, dependiendo de la informaci\u00f3n obtenida, se pueden utilizar para reconocer al usuario y mejorar el servicio ofrecido.<\/p><p>Son procedimientos autom\u00e1ticos de recogida de informaci\u00f3n relativa a las preferencias determinadas por el Usuario durante su visita al Sitio Web con el fin de reconocerlo como Usuario, y personalizar su experiencia y el uso del Sitio Web, y pueden tambi\u00e9n, por ejemplo, ayudar a identificar, resolver errores y no da\u00f1an el dispositivo de navegaci\u00f3n.<\/p><p>Las cookies que permiten identificar a una persona se consideran datos personales. Por tanto, a las mismas les ser\u00e1 de aplicaci\u00f3n la Pol\u00edtica de Privacidad del Sitio Web. En este sentido, para la utilizaci\u00f3n de las mismas ser\u00e1 necesario el consentimiento del Usuario. Este consentimiento ser\u00e1 comunicado, en base a una elecci\u00f3n aut\u00e9ntica, ofrecido mediante una decisi\u00f3n afirmativa y positiva, antes del tratamiento inicial, removible y documentado.<\/p><p>La informaci\u00f3n recabada a trav\u00e9s de las cookies puede incluir la fecha y hora de visitas al Sitio Web, las p\u00e1ginas visionadas, el tiempo que ha estado en el Sitio Web y los sitios visitados justo antes y despu\u00e9s del mismo, entre otras.<\/p><p>Ninguna cookie permite que esta misma pueda contactarse con el n\u00famero de tel\u00e9fono del Usuario o con cualquier otro medio de contacto personal. Ninguna cookie puede extraer informaci\u00f3n del disco duro del Usuario o robar informaci\u00f3n personal. La \u00fanica manera de que la informaci\u00f3n privada del Usuario forme parte del archivo Cookie es que el usuario d\u00e9 personalmente esa informaci\u00f3n al servidor.<\/p><p><strong>TIPO DE COOKIES USADAS<\/strong><\/p><p>Seg\u00fan quien sea la entidad que gestione el dominio desde donde se env\u00edan las cookies y trate los datos que se obtengan se pueden distinguir dos tipos:<\/p><p><strong> &#8211; Cookies propias:<\/strong> aqu\u00e9llas que se env\u00edan al equipo terminal del usuario desde un equipo o dominio gestionado por el propio editor y desde el que se presta el servicio solicitado por el usuario.<\/p><p><strong>&#8211; Cookies de terceros:<\/strong> aqu\u00e9llas que se env\u00edan al equipo terminal del usuario desde un equipo o dominio que no es gestionado por el editor, sino por otra entidad que trata los datos obtenidos trav\u00e9s de las cookies. En el caso de que las cookies sean instaladas desde un equipo o dominio gestionado por el propio editor pero la informaci\u00f3n que se recoja mediante \u00e9stas sea gestionada por un tercero, no pueden ser consideradas como propias. Existe tambi\u00e9n una segunda clasificaci\u00f3n seg\u00fan el plazo de tiempo que permanecen almacenadas en el navegador del cliente, pudiendo tratarse de:<\/p><p><strong>&#8211; Cookies de sesi\u00f3n:<\/strong> dise\u00f1adas para recabar y almacenar datos mientras el usuario accede a una p\u00e1gina web. Se suelen emplear para almacenar informaci\u00f3n que solo interesa conservar para la prestaci\u00f3n del servicio solicitado por el usuario en una sola ocasi\u00f3n (p.e. una lista de productos adquiridos).<\/p><p><strong>&#8211; Cookies persistentes:<\/strong> los datos siguen almacenados en el terminal y pueden ser accedidos y tratados durante un periodo definido por el responsable de la cookie, y que puede ir de unos minutos a varios a\u00f1os.<\/p><p>\u00a0<\/p><p>Por \u00faltimo, existe otra clasificaci\u00f3n seg\u00fan la finalidad para la que se traten los datos obtenidos:<\/p><p><strong> &#8211; Cookies t\u00e9cnicas:<\/strong> aquellas que permiten al usuario la navegaci\u00f3n a trav\u00e9s de una p\u00e1gina web, plataforma o aplicaci\u00f3n y la utilizaci\u00f3n de las diferentes opciones o servicios que en ella existan como, por ejemplo, controlar el tr\u00e1fico y la comunicaci\u00f3n de datos, identificar la sesi\u00f3n, acceder a partes de acceso restringido, recordar los elementos que integran un pedido, realizar el proceso de compra de un pedido, realizar la solicitud de inscripci\u00f3n o participaci\u00f3n en un evento, utilizar elementos de seguridad durante la navegaci\u00f3n, almacenar contenidos para la difusi\u00f3n de v\u00eddeos o sonido o compartir contenidos a trav\u00e9s de redes sociales.<\/p><p><strong>&#8211; Cookies de personalizaci\u00f3n:<\/strong> permiten al usuario acceder al servicio con algunas caracter\u00edsticas de car\u00e1cter general predefinidas en funci\u00f3n de una serie de criterios en el terminal del usuario como por ejemplo serian el idioma, el tipo de navegador a trav\u00e9s del cual accede al servicio, la configuraci\u00f3n regional desde donde accede, etc.<\/p><p><strong>&#8211; Cookies de an\u00e1lisis:<\/strong> permiten al responsable de las mismas, el seguimiento y an\u00e1lisis del comportamiento de los usuarios de los sitios web a los que est\u00e1n vinculadas. La informaci\u00f3n recogida mediante este tipo de cookies se utiliza en la medici\u00f3n de la actividad de los sitios web, aplicaci\u00f3n o plataforma y para la elaboraci\u00f3n de perfiles de navegaci\u00f3n de los usuarios de dichos sitios, aplicaciones y plataformas, con el fin de introducir mejoras en funci\u00f3n del an\u00e1lisis de los datos de uso que hacen los usuarios del servicio.<\/p><p><strong>&#8211; Cookies publicitarias:<\/strong> permiten la gesti\u00f3n, de la forma m\u00e1s eficaz posible, de los espacios publicitarios.<\/p><p><strong> &#8211; Cookies de publicidad comportamental:<\/strong> almacenan informaci\u00f3n del comportamiento de los usuarios obtenida a trav\u00e9s de la observaci\u00f3n continuada de sus h\u00e1bitos de navegaci\u00f3n, lo que permite desarrollar un perfil espec\u00edfico para mostrar publicidad en funci\u00f3n del mismo.<\/p><p><strong>&#8211; Cookies de redes sociales externas:<\/strong> se utilizan para que los visitantes puedan interactuar con el contenido de diferentes plataformas sociales (facebook, youtube, twitter, linkedIn, etc.) y que se generen \u00fanicamente para los usuarios de dichas redes sociales. Las condiciones de utilizaci\u00f3n de estas cookies y la informaci\u00f3n recopilada se regula por la pol\u00edtica de privacidad de la plataforma social correspondiente.<\/p><p>\u00a0<\/p><p><strong>DESHABILITAR, RECHAZAR Y ELIMINAR COOKIES<\/strong><\/p><p>El Usuario puede deshabilitar, rechazar y eliminar las cookies \u2014total o parcialmente\u2014 instaladas en su dispositivo mediante la configuraci\u00f3n de su navegador (entre los que se encuentran, por ejemplo, Chrome, Firefox, Safari, Explorer). En este sentido, los procedimientos para rechazar y eliminar las cookies pueden diferir de un navegador de Internet a otro. En consecuencia, el Usuario debe acudir a las instrucciones facilitadas por el propio navegador de Internet que est\u00e9 utilizando. En el supuesto de que rechace el uso de cookies \u2014total o parcialmente\u2014 podr\u00e1 seguir usando el Sitio Web, si bien podr\u00e1 tener limitada la utilizaci\u00f3n de algunas de las prestaciones del mismo.<\/p><p>\u00a0<\/p><p>Asimismo, se le informa de que al navegar en el Sitio Web usted est\u00e1 prestando su consentimiento para poder utilizarlas.<\/p><p>\u00a0<\/p><p>Actualizaci\u00f3n a 28 de noviembre de 2022<\/p>\t\t\t\t\t\t<\/div>\n\t\t\t\t<\/div>\n\t\t\t\t\t<\/div>\n\t\t<\/div>\n\t\t\t\t\t<\/div>\n\t\t<\/section>\n\t\t\t\t<\/div>","protected":false},"excerpt":{"rendered":"<p>Pol\u00edtica de Cookies PRL PREVENCINE MOVIE SAFE S.L. informa acerca del uso de las cookies en su p\u00e1gina web WWW.PREVENCINE.COM \u00bfQU\u00c9 SON LAS COOKIES? El acceso a este Sitio Web puede implicar la utilizaci\u00f3n de cookies. Las cookies son archivos que se pueden descargar en su equipo a trav\u00e9s del acceso a p\u00e1ginas web. Son [&hellip;]<\/p>","protected":false},"author":1,"featured_media":0,"parent":0,"menu_order":0,"comment_status":"closed","ping_status":"closed","template":"elementor_header_footer","meta":{"footnotes":""},"yoast_head":"<!-- This site is optimized with the Yoast SEO plugin v22.9 - https:\/\/yoast.com\/wordpress\/plugins\/seo\/ -->\n<title>Pol\u00edtica de Cookies - Prevencine<\/title>\n<meta name=\"description\" content=\"Pol\u00edtica de Cookies de Prevencine.\" \/>\n<meta name=\"robots\" content=\"index, follow, max-snippet:-1, max-image-preview:large, max-video-preview:-1\" \/>\n<link rel=\"canonical\" href=\"http:\/\/prevencine.com\/en\/politica-de-cookies\/\" \/>\n<meta property=\"og:locale\" content=\"en_GB\" \/>\n<meta property=\"og:type\" content=\"article\" \/>\n<meta property=\"og:title\" content=\"Pol\u00edtica de Cookies - Prevencine\" \/>\n<meta property=\"og:description\" content=\"Pol\u00edtica de Cookies de Prevencine.\" \/>\n<meta property=\"og:url\" content=\"http:\/\/prevencine.com\/en\/politica-de-cookies\/\" \/>\n<meta property=\"og:site_name\" content=\"Prevencine\" \/>\n<meta property=\"article:modified_time\" content=\"2023-05-19T00:25:52+00:00\" \/>\n<meta name=\"twitter:card\" content=\"summary_large_image\" \/>\n<meta name=\"twitter:label1\" content=\"Estimated reading time\" \/>\n\t<meta name=\"twitter:data1\" content=\"5 minutes\" \/>\n<script type=\"application\/ld+json\" class=\"yoast-schema-graph\">{\"@context\":\"https:\/\/schema.org\",\"@graph\":[{\"@type\":\"WebPage\",\"@id\":\"https:\/\/prevencine.com\/politica-de-cookies\/\",\"url\":\"https:\/\/prevencine.com\/politica-de-cookies\/\",\"name\":\"Pol\u00edtica de Cookies - Prevencine\",\"isPartOf\":{\"@id\":\"https:\/\/prevencine.com\/#website\"},\"datePublished\":\"2022-11-16T13:14:35+00:00\",\"dateModified\":\"2023-05-19T00:25:52+00:00\",\"description\":\"Pol\u00edtica de Cookies de Prevencine.\",\"breadcrumb\":{\"@id\":\"https:\/\/prevencine.com\/politica-de-cookies\/#breadcrumb\"},\"inLanguage\":\"en-GB\",\"potentialAction\":[{\"@type\":\"ReadAction\",\"target\":[\"https:\/\/prevencine.com\/politica-de-cookies\/\"]}]},{\"@type\":\"BreadcrumbList\",\"@id\":\"https:\/\/prevencine.com\/politica-de-cookies\/#breadcrumb\",\"itemListElement\":[{\"@type\":\"ListItem\",\"position\":1,\"name\":\"Portada\",\"item\":\"https:\/\/prevencine.com\/\"},{\"@type\":\"ListItem\",\"position\":2,\"name\":\"Pol\u00edtica de Cookies\"}]},{\"@type\":\"WebSite\",\"@id\":\"https:\/\/prevencine.com\/#website\",\"url\":\"https:\/\/prevencine.com\/\",\"name\":\"Prevencine\",\"description\":\"\",\"publisher\":{\"@id\":\"https:\/\/prevencine.com\/#organization\"},\"potentialAction\":[{\"@type\":\"SearchAction\",\"target\":{\"@type\":\"EntryPoint\",\"urlTemplate\":\"https:\/\/prevencine.com\/?s={search_term_string}\"},\"query-input\":\"required name=search_term_string\"}],\"inLanguage\":\"en-GB\"},{\"@type\":\"Organization\",\"@id\":\"https:\/\/prevencine.com\/#organization\",\"name\":\"Prevencine\",\"url\":\"https:\/\/prevencine.com\/\",\"logo\":{\"@type\":\"ImageObject\",\"inLanguage\":\"en-GB\",\"@id\":\"https:\/\/prevencine.com\/#\/schema\/logo\/image\/\",\"url\":\"http:\/\/prevencine.com\/wp-content\/uploads\/2021\/07\/B_isotipo@3x.png\",\"contentUrl\":\"http:\/\/prevencine.com\/wp-content\/uploads\/2021\/07\/B_isotipo@3x.png\",\"width\":462,\"height\":577,\"caption\":\"Prevencine\"},\"image\":{\"@id\":\"https:\/\/prevencine.com\/#\/schema\/logo\/image\/\"}}]}<\/script>\n<!-- \/ Yoast SEO plugin. -->","yoast_head_json":{"title":"Pol\u00edtica de Cookies - Prevencine","description":"Pol\u00edtica de Cookies de Prevencine.","robots":{"index":"index","follow":"follow","max-snippet":"max-snippet:-1","max-image-preview":"max-image-preview:large","max-video-preview":"max-video-preview:-1"},"canonical":"http:\/\/prevencine.com\/en\/politica-de-cookies\/","og_locale":"en_GB","og_type":"article","og_title":"Pol\u00edtica de Cookies - Prevencine","og_description":"Pol\u00edtica de Cookies de Prevencine.","og_url":"http:\/\/prevencine.com\/en\/politica-de-cookies\/","og_site_name":"Prevencine","article_modified_time":"2023-05-19T00:25:52+00:00","twitter_card":"summary_large_image","twitter_misc":{"Estimated reading time":"5 minutes"},"schema":{"@context":"https:\/\/schema.org","@graph":[{"@type":"WebPage","@id":"https:\/\/prevencine.com\/politica-de-cookies\/","url":"https:\/\/prevencine.com\/politica-de-cookies\/","name":"Pol\u00edtica de Cookies - Prevencine","isPartOf":{"@id":"https:\/\/prevencine.com\/#website"},"datePublished":"2022-11-16T13:14:35+00:00","dateModified":"2023-05-19T00:25:52+00:00","description":"Pol\u00edtica de Cookies de Prevencine.","breadcrumb":{"@id":"https:\/\/prevencine.com\/politica-de-cookies\/#breadcrumb"},"inLanguage":"en-GB","potentialAction":[{"@type":"ReadAction","target":["https:\/\/prevencine.com\/politica-de-cookies\/"]}]},{"@type":"BreadcrumbList","@id":"https:\/\/prevencine.com\/politica-de-cookies\/#breadcrumb","itemListElement":[{"@type":"ListItem","position":1,"name":"Portada","item":"https:\/\/prevencine.com\/"},{"@type":"ListItem","position":2,"name":"Pol\u00edtica de Cookies"}]},{"@type":"WebSite","@id":"https:\/\/prevencine.com\/#website","url":"https:\/\/prevencine.com\/","name":"Prevencine","description":"","publisher":{"@id":"https:\/\/prevencine.com\/#organization"},"potentialAction":[{"@type":"SearchAction","target":{"@type":"EntryPoint","urlTemplate":"https:\/\/prevencine.com\/?s={search_term_string}"},"query-input":"required name=search_term_string"}],"inLanguage":"en-GB"},{"@type":"Organization","@id":"https:\/\/prevencine.com\/#organization","name":"Prevencine","url":"https:\/\/prevencine.com\/","logo":{"@type":"ImageObject","inLanguage":"en-GB","@id":"https:\/\/prevencine.com\/#\/schema\/logo\/image\/","url":"http:\/\/prevencine.com\/wp-content\/uploads\/2021\/07\/B_isotipo@3x.png","contentUrl":"http:\/\/prevencine.com\/wp-content\/uploads\/2021\/07\/B_isotipo@3x.png","width":462,"height":577,"caption":"Prevencine"},"image":{"@id":"https:\/\/prevencine.com\/#\/schema\/logo\/image\/"}}]}},"_links":{"self":[{"href":"http:\/\/prevencine.com\/en\/wp-json\/wp\/v2\/pages\/3099"}],"collection":[{"href":"http:\/\/prevencine.com\/en\/wp-json\/wp\/v2\/pages"}],"about":[{"href":"http:\/\/prevencine.com\/en\/wp-json\/wp\/v2\/types\/page"}],"author":[{"embeddable":true,"href":"http:\/\/prevencine.com\/en\/wp-json\/wp\/v2\/users\/1"}],"replies":[{"embeddable":true,"href":"http:\/\/prevencine.com\/en\/wp-json\/wp\/v2\/comments?post=3099"}],"version-history":[{"count":14,"href":"http:\/\/prevencine.com\/en\/wp-json\/wp\/v2\/pages\/3099\/revisions"}],"predecessor-version":[{"id":5430,"href":"http:\/\/prevencine.com\/en\/wp-json\/wp\/v2\/pages\/3099\/revisions\/5430"}],"wp:attachment":[{"href":"http:\/\/prevencine.com\/en\/wp-json\/wp\/v2\/media?parent=3099"}],"curies":[{"name":"wp","href":"https:\/\/api.w.org\/{rel}","templated":true}]}}