{"id":3093,"date":"2022-11-16T14:13:35","date_gmt":"2022-11-16T13:13:35","guid":{"rendered":"http:\/\/prevencine.com\/?page_id=3093"},"modified":"2023-05-19T02:25:46","modified_gmt":"2023-05-19T00:25:46","slug":"politica-de-privacidad","status":"publish","type":"page","link":"http:\/\/prevencine.com\/en\/politica-de-privacidad\/","title":{"rendered":"Pol\u00edtica de Privacidad"},"content":{"rendered":"<div data-elementor-type=\"wp-page\" data-elementor-id=\"3093\" class=\"elementor elementor-3093\" data-elementor-post-type=\"page\">\n\t\t\t\t\t\t<section class=\"elementor-section elementor-top-section elementor-element elementor-element-a7b2ce1 elementor-section-boxed elementor-section-height-default elementor-section-height-default\" data-id=\"a7b2ce1\" data-element_type=\"section\">\n\t\t\t\t\t\t<div class=\"elementor-container elementor-column-gap-default\">\n\t\t\t\t\t<div class=\"elementor-column elementor-col-100 elementor-top-column elementor-element elementor-element-157f72c\" data-id=\"157f72c\" data-element_type=\"column\">\n\t\t\t<div class=\"elementor-widget-wrap elementor-element-populated\">\n\t\t\t\t\t\t<div class=\"elementor-element elementor-element-a41426a elementor-widget elementor-widget-heading\" data-id=\"a41426a\" data-element_type=\"widget\" data-widget_type=\"heading.default\">\n\t\t\t\t<div class=\"elementor-widget-container\">\n\t\t\t<h1 class=\"elementor-heading-title elementor-size-default\">Pol\u00edtica de Privacidad<\/h1>\t\t<\/div>\n\t\t\t\t<\/div>\n\t\t\t\t\t<\/div>\n\t\t<\/div>\n\t\t\t\t\t<\/div>\n\t\t<\/section>\n\t\t\t\t<section class=\"elementor-section elementor-top-section elementor-element elementor-element-930132a elementor-section-boxed elementor-section-height-default elementor-section-height-default\" data-id=\"930132a\" data-element_type=\"section\">\n\t\t\t\t\t\t<div class=\"elementor-container elementor-column-gap-default\">\n\t\t\t\t\t<div class=\"elementor-column elementor-col-100 elementor-top-column elementor-element elementor-element-c0c6af3\" data-id=\"c0c6af3\" data-element_type=\"column\">\n\t\t\t<div class=\"elementor-widget-wrap elementor-element-populated\">\n\t\t\t\t\t\t<div class=\"elementor-element elementor-element-a41351e elementor-widget elementor-widget-text-editor\" data-id=\"a41351e\" data-element_type=\"widget\" data-widget_type=\"text-editor.default\">\n\t\t\t\t<div class=\"elementor-widget-container\">\n\t\t\t\t\t\t\t<p><strong>1. ENCARGADO DEL TRATAMIENTO.<\/strong><\/p><p>En aplicaci\u00f3n de la normativa vigente en materia de protecci\u00f3n de datos de car\u00e1cter personal, se informa que los datos personales que se recogen a trav\u00e9s de los formularios del Sitio Web: www.prevencine.com se incluyen en los ficheros automatizados espec\u00edficos de la parte encargada del tratamiento: PRL PREVENCINE MOVIE SAFE S.L.U. (Prevencine, en adelante), direcci\u00f3n C\/ Aguacate 41, Edificio A, Portal 1, Planta 2a, Local n\u00ba4, 28054, Madrid., con correo electr\u00f3nico: contacto@prevencine.com.<\/p><p><strong>2. FINALIDAD.<\/strong><\/p><p>En cumplimiento de lo dispuesto en el Reglamento Europeo 2016\/679 General de Protecci\u00f3n de Datos, as\u00ed como en cualquier ley nacional que resulte de aplicaci\u00f3n, le informamos que tratamos los datos personales facilitados para la siguiente finalidad: el desempe\u00f1o de<br \/>tareas de informaci\u00f3n y formaci\u00f3n conforme lo dispuesto en los art\u00edculos 18 y 19 de la Ley 31\/1995, de 8 de noviembre, de PRL, as\u00ed como el asesoramiento y otras actividades propias de la seguridad en el sector audiovisual y las artes esc\u00e9nicas.<\/p><p><strong>3. COLECTIVOS Y DATOS TRATADOS.<\/strong><\/p><p>Los colectivos de interesados a los que puede tener acceso el encargado del tratamiento son: trabajadores\/as de las empresas que contratan los servicios de Prevencine (responsables del tratamiento). Los datos personales tratados son: nombre y apellidos, DNI\/NIF,<br \/>puesto de trabajo, correo de contacto, datos acad\u00e9micos y profesionales en materia de Prevenci\u00f3n de Riesgos Laborales (de ser necesarios), empresa que le contrata y proyecto para el que est\u00e1 destinado.<\/p><p><strong>4. PLAZO DE CONSERVACI\u00d3N DE LOS DATOS.<\/strong><\/p><p>Sus datos ser\u00e1n conservados mientras sean necesarios para la prestaci\u00f3n de los servicios o relaci\u00f3n contractual con la empresa que contrata los servicios de Prevencine, as\u00ed como el tiempo necesario para el cumplimiento de la obligaci\u00f3n legal aplicable, de ser necesario<br \/>aplicarla (un tiempo de 6 a\u00f1os para la documentaci\u00f3n relativa a la Prevenci\u00f3n de Riesgos Laborales). Una vez cumplida la prestaci\u00f3n, Prevencine devolver\u00e1 al responsable del tratamiento los datos de car\u00e1cter personal y, si procede, los soportes donde consten. La devoluci\u00f3n debe comportar el borrado total de los datos existentes en los equipos inform\u00e1ticos utilizados por el encargado.<\/p><p><strong>5. LEGITIMACI\u00d3N.<\/strong><\/p><p>La base leg\u00edtima para el tratamiento de sus datos personales radica en que dicho tratamiento es necesario para la ejecuci\u00f3n de un contrato con la parte responsable del tratamiento, y es necesario para el cumplimiento de la obligaci\u00f3n legal aplicable al responsable<br \/>del tratamiento: entrega de la informaci\u00f3n y formaci\u00f3n en materia de prevenci\u00f3n de riesgos laborales.<\/p><p><strong>6. DESTINATARIOS.<\/strong><\/p><p>Sus datos personales ser\u00e1n comunicados al responsable del tratamiento. Adicionalmente, se podr\u00e1n ceder sus datos a terceras empresas colaboradoras para realizar la entrega de la informaci\u00f3n y los cursos de formaci\u00f3n (tambi\u00e9n conforme lo dispuesto en los art\u00edculos 18 y<br \/>19 de la Ley 31\/1995, de 8 de noviembre, de PRL), as\u00ed como a empresas titulares de centros de trabajo que soliciten la documentaci\u00f3n objeto del tratamiento para el acceso a sus lugares de trabajo, exclusivamente para cumplir con sus obligaciones legales en materia de Coordinaci\u00f3n de Actividades Empresariales (Real Decreto 171\/2004, de 30 de enero) con el responsable del tratamiento.<\/p><p><strong>7. DERECHOS.<\/strong><\/p><p>Tiene derecho a acceder a sus datos personales, solicitar la rectificaci\u00f3n de los datos inexactos o, en su caso, solicitar su supresi\u00f3n cuando, entre otros motivos, los datos ya no sean necesarios para los fines que fueron recogidos o no haya una obligaci\u00f3n legal en curso.<br \/>En determinadas circunstancias, podr\u00e1 solicitar la limitaci\u00f3n del tratamiento de sus datos, en cuyo caso \u00fanicamente los conservaremos para el ejercicio o la defensa de reclamaciones. En determinadas circunstancias y por motivos relacionados con su situaci\u00f3n particular, podr\u00e1 oponerse al tratamiento de sus datos. As\u00ed, Prevencine dejar\u00e1 de tratar los datos, salvo por motivos leg\u00edtimos imperiosos, o el ejercicio o la defensa de posibles reclamaciones.<br \/>Asimismo, puede ejercer el derecho a la portabilidad de los datos, as\u00ed como retirar los consentimientos facilitados en cualquier momento, sin que ello afecte a la licitud del tratamiento basado en el consentimiento previo a su retirada.<br \/>Si desea ejercer cualquiera de sus derechos puede enviar una comunicaci\u00f3n escrita dirigida a D. Francisco Javier \u00c1lvarez Crisenti, a trav\u00e9s de correo postal o electr\u00f3nico, facilitados en el ep\u00edgrafe 1 de este escrito. La solicitud de ejercicio de cualesquiera de sus derechos deber\u00e1 ir acompa\u00f1ada de una copia de documento oficial que le identifique (DNI o documento acreditativo).<br \/>Por \u00faltimo, le informamos que puede dirigirse ante la Agencia Espa\u00f1ola de Protecci\u00f3n de Datos y dem\u00e1s organismos p\u00fablicos<br \/>competentes para cualquier reclamaci\u00f3n derivada del tratamiento de sus datos personales.<\/p><p><strong>8. CONSENTIMIENTO.<\/strong><\/p><p>El\/la interesado\/a manifiesta con voluntad libre, espec\u00edfica, informada e inequ\u00edvoca, que todos los datos facilitados son ciertos y correctos y que ACEPTA el tratamiento de datos personales que le conciernen. El interesado tendr\u00e1 derecho a retirar su consentimiento en cualquier momento. La retirada del consentimiento no afectar\u00e1 a la licitud del tratamiento basada en el consentimiento previo a su retirada. Antes de dar su consentimiento, el interesado es informado de ello.<\/p><p>Actualizaci\u00f3n a 24 de noviembre de 2022<\/p>\t\t\t\t\t\t<\/div>\n\t\t\t\t<\/div>\n\t\t\t\t\t<\/div>\n\t\t<\/div>\n\t\t\t\t\t<\/div>\n\t\t<\/section>\n\t\t\t\t<\/div>","protected":false},"excerpt":{"rendered":"<p>Pol\u00edtica de Privacidad 1. ENCARGADO DEL TRATAMIENTO. En aplicaci\u00f3n de la normativa vigente en materia de protecci\u00f3n de datos de car\u00e1cter personal, se informa que los datos personales que se recogen a trav\u00e9s de los formularios del Sitio Web: www.prevencine.com se incluyen en los ficheros automatizados espec\u00edficos de la parte encargada del tratamiento: PRL PREVENCINE [&hellip;]<\/p>","protected":false},"author":1,"featured_media":0,"parent":0,"menu_order":0,"comment_status":"closed","ping_status":"closed","template":"elementor_header_footer","meta":{"footnotes":""},"yoast_head":"<!-- This site is optimized with the Yoast SEO plugin v22.9 - https:\/\/yoast.com\/wordpress\/plugins\/seo\/ -->\n<title>Pol\u00edtica de Privacidad - Prevencine<\/title>\n<meta name=\"description\" content=\"Pol\u00edtica de Privacidad de Prevencine.\" \/>\n<meta name=\"robots\" content=\"index, follow, max-snippet:-1, max-image-preview:large, max-video-preview:-1\" \/>\n<link rel=\"canonical\" href=\"http:\/\/prevencine.com\/en\/politica-de-privacidad\/\" \/>\n<meta property=\"og:locale\" content=\"en_GB\" \/>\n<meta property=\"og:type\" content=\"article\" \/>\n<meta property=\"og:title\" content=\"Pol\u00edtica de Privacidad - Prevencine\" \/>\n<meta property=\"og:description\" content=\"Pol\u00edtica de Privacidad de Prevencine.\" \/>\n<meta property=\"og:url\" content=\"http:\/\/prevencine.com\/en\/politica-de-privacidad\/\" \/>\n<meta property=\"og:site_name\" content=\"Prevencine\" \/>\n<meta property=\"article:modified_time\" content=\"2023-05-19T00:25:46+00:00\" \/>\n<meta name=\"twitter:card\" content=\"summary_large_image\" \/>\n<meta name=\"twitter:label1\" content=\"Estimated reading time\" \/>\n\t<meta name=\"twitter:data1\" content=\"4 minutes\" \/>\n<script type=\"application\/ld+json\" class=\"yoast-schema-graph\">{\"@context\":\"https:\/\/schema.org\",\"@graph\":[{\"@type\":\"WebPage\",\"@id\":\"https:\/\/prevencine.com\/politica-de-privacidad\/\",\"url\":\"https:\/\/prevencine.com\/politica-de-privacidad\/\",\"name\":\"Pol\u00edtica de Privacidad - Prevencine\",\"isPartOf\":{\"@id\":\"https:\/\/prevencine.com\/#website\"},\"datePublished\":\"2022-11-16T13:13:35+00:00\",\"dateModified\":\"2023-05-19T00:25:46+00:00\",\"description\":\"Pol\u00edtica de Privacidad de Prevencine.\",\"breadcrumb\":{\"@id\":\"https:\/\/prevencine.com\/politica-de-privacidad\/#breadcrumb\"},\"inLanguage\":\"en-GB\",\"potentialAction\":[{\"@type\":\"ReadAction\",\"target\":[\"https:\/\/prevencine.com\/politica-de-privacidad\/\"]}]},{\"@type\":\"BreadcrumbList\",\"@id\":\"https:\/\/prevencine.com\/politica-de-privacidad\/#breadcrumb\",\"itemListElement\":[{\"@type\":\"ListItem\",\"position\":1,\"name\":\"Portada\",\"item\":\"https:\/\/prevencine.com\/\"},{\"@type\":\"ListItem\",\"position\":2,\"name\":\"Pol\u00edtica de Privacidad\"}]},{\"@type\":\"WebSite\",\"@id\":\"https:\/\/prevencine.com\/#website\",\"url\":\"https:\/\/prevencine.com\/\",\"name\":\"Prevencine\",\"description\":\"\",\"publisher\":{\"@id\":\"https:\/\/prevencine.com\/#organization\"},\"potentialAction\":[{\"@type\":\"SearchAction\",\"target\":{\"@type\":\"EntryPoint\",\"urlTemplate\":\"https:\/\/prevencine.com\/?s={search_term_string}\"},\"query-input\":\"required name=search_term_string\"}],\"inLanguage\":\"en-GB\"},{\"@type\":\"Organization\",\"@id\":\"https:\/\/prevencine.com\/#organization\",\"name\":\"Prevencine\",\"url\":\"https:\/\/prevencine.com\/\",\"logo\":{\"@type\":\"ImageObject\",\"inLanguage\":\"en-GB\",\"@id\":\"https:\/\/prevencine.com\/#\/schema\/logo\/image\/\",\"url\":\"http:\/\/prevencine.com\/wp-content\/uploads\/2021\/07\/B_isotipo@3x.png\",\"contentUrl\":\"http:\/\/prevencine.com\/wp-content\/uploads\/2021\/07\/B_isotipo@3x.png\",\"width\":462,\"height\":577,\"caption\":\"Prevencine\"},\"image\":{\"@id\":\"https:\/\/prevencine.com\/#\/schema\/logo\/image\/\"}}]}<\/script>\n<!-- \/ Yoast SEO plugin. -->","yoast_head_json":{"title":"Pol\u00edtica de Privacidad - Prevencine","description":"Pol\u00edtica de Privacidad de Prevencine.","robots":{"index":"index","follow":"follow","max-snippet":"max-snippet:-1","max-image-preview":"max-image-preview:large","max-video-preview":"max-video-preview:-1"},"canonical":"http:\/\/prevencine.com\/en\/politica-de-privacidad\/","og_locale":"en_GB","og_type":"article","og_title":"Pol\u00edtica de Privacidad - Prevencine","og_description":"Pol\u00edtica de Privacidad de Prevencine.","og_url":"http:\/\/prevencine.com\/en\/politica-de-privacidad\/","og_site_name":"Prevencine","article_modified_time":"2023-05-19T00:25:46+00:00","twitter_card":"summary_large_image","twitter_misc":{"Estimated reading time":"4 minutes"},"schema":{"@context":"https:\/\/schema.org","@graph":[{"@type":"WebPage","@id":"https:\/\/prevencine.com\/politica-de-privacidad\/","url":"https:\/\/prevencine.com\/politica-de-privacidad\/","name":"Pol\u00edtica de Privacidad - Prevencine","isPartOf":{"@id":"https:\/\/prevencine.com\/#website"},"datePublished":"2022-11-16T13:13:35+00:00","dateModified":"2023-05-19T00:25:46+00:00","description":"Pol\u00edtica de Privacidad de Prevencine.","breadcrumb":{"@id":"https:\/\/prevencine.com\/politica-de-privacidad\/#breadcrumb"},"inLanguage":"en-GB","potentialAction":[{"@type":"ReadAction","target":["https:\/\/prevencine.com\/politica-de-privacidad\/"]}]},{"@type":"BreadcrumbList","@id":"https:\/\/prevencine.com\/politica-de-privacidad\/#breadcrumb","itemListElement":[{"@type":"ListItem","position":1,"name":"Portada","item":"https:\/\/prevencine.com\/"},{"@type":"ListItem","position":2,"name":"Pol\u00edtica de Privacidad"}]},{"@type":"WebSite","@id":"https:\/\/prevencine.com\/#website","url":"https:\/\/prevencine.com\/","name":"Prevencine","description":"","publisher":{"@id":"https:\/\/prevencine.com\/#organization"},"potentialAction":[{"@type":"SearchAction","target":{"@type":"EntryPoint","urlTemplate":"https:\/\/prevencine.com\/?s={search_term_string}"},"query-input":"required name=search_term_string"}],"inLanguage":"en-GB"},{"@type":"Organization","@id":"https:\/\/prevencine.com\/#organization","name":"Prevencine","url":"https:\/\/prevencine.com\/","logo":{"@type":"ImageObject","inLanguage":"en-GB","@id":"https:\/\/prevencine.com\/#\/schema\/logo\/image\/","url":"http:\/\/prevencine.com\/wp-content\/uploads\/2021\/07\/B_isotipo@3x.png","contentUrl":"http:\/\/prevencine.com\/wp-content\/uploads\/2021\/07\/B_isotipo@3x.png","width":462,"height":577,"caption":"Prevencine"},"image":{"@id":"https:\/\/prevencine.com\/#\/schema\/logo\/image\/"}}]}},"_links":{"self":[{"href":"http:\/\/prevencine.com\/en\/wp-json\/wp\/v2\/pages\/3093"}],"collection":[{"href":"http:\/\/prevencine.com\/en\/wp-json\/wp\/v2\/pages"}],"about":[{"href":"http:\/\/prevencine.com\/en\/wp-json\/wp\/v2\/types\/page"}],"author":[{"embeddable":true,"href":"http:\/\/prevencine.com\/en\/wp-json\/wp\/v2\/users\/1"}],"replies":[{"embeddable":true,"href":"http:\/\/prevencine.com\/en\/wp-json\/wp\/v2\/comments?post=3093"}],"version-history":[{"count":20,"href":"http:\/\/prevencine.com\/en\/wp-json\/wp\/v2\/pages\/3093\/revisions"}],"predecessor-version":[{"id":5427,"href":"http:\/\/prevencine.com\/en\/wp-json\/wp\/v2\/pages\/3093\/revisions\/5427"}],"wp:attachment":[{"href":"http:\/\/prevencine.com\/en\/wp-json\/wp\/v2\/media?parent=3093"}],"curies":[{"name":"wp","href":"https:\/\/api.w.org\/{rel}","templated":true}]}}