{"id":1832,"date":"2021-08-04T23:08:20","date_gmt":"2021-08-04T21:08:20","guid":{"rendered":"http:\/\/prevencine.com\/?page_id=1832"},"modified":"2023-05-19T02:19:52","modified_gmt":"2023-05-19T00:19:52","slug":"zona-clientes","status":"publish","type":"page","link":"http:\/\/prevencine.com\/en\/zona-clientes\/","title":{"rendered":"Private Area"},"content":{"rendered":"<div data-elementor-type=\"wp-page\" data-elementor-id=\"1832\" class=\"elementor elementor-1832\" data-elementor-post-type=\"page\">\n\t\t\t\t\t\t<section class=\"elementor-section elementor-top-section elementor-element elementor-element-0ab1b8e elementor-section-boxed elementor-section-height-default elementor-section-height-default\" data-id=\"0ab1b8e\" data-element_type=\"section\">\n\t\t\t\t\t\t<div class=\"elementor-container elementor-column-gap-default\">\n\t\t\t\t\t<div class=\"elementor-column elementor-col-100 elementor-top-column elementor-element elementor-element-9567290\" data-id=\"9567290\" data-element_type=\"column\">\n\t\t\t<div class=\"elementor-widget-wrap elementor-element-populated\">\n\t\t\t\t\t\t<div class=\"elementor-element elementor-element-3bd6d98 elementor-widget elementor-widget-heading\" data-id=\"3bd6d98\" data-element_type=\"widget\" data-widget_type=\"heading.default\">\n\t\t\t\t<div class=\"elementor-widget-container\">\n\t\t\t<h1 class=\"elementor-heading-title elementor-size-default\">Private Area<\/h1>\t\t<\/div>\n\t\t\t\t<\/div>\n\t\t\t\t<div class=\"elementor-element elementor-element-347facd elementor-widget elementor-widget-text-editor\" data-id=\"347facd\" data-element_type=\"widget\" data-widget_type=\"text-editor.default\">\n\t\t\t\t<div class=\"elementor-widget-container\">\n\t\t\t\t\t\t\t<p style=\"text-align: center;\">All the information and training you need, always accessible.<\/p>\t\t\t\t\t\t<\/div>\n\t\t\t\t<\/div>\n\t\t\t\t<div class=\"elementor-element elementor-element-b6f9834 elementor-widget elementor-widget-text-editor\" data-id=\"b6f9834\" data-element_type=\"widget\" data-widget_type=\"text-editor.default\">\n\t\t\t\t<div class=\"elementor-widget-container\">\n\t\t\t\t\t\t\t<p><strong><em>Working on it<\/em><\/strong><br \/>If you want information, <a href=\"http:\/\/prevencine.com\/en\/contacto\/\">contact us<\/a><\/p>\t\t\t\t\t\t<\/div>\n\t\t\t\t<\/div>\n\t\t\t\t<div class=\"elementor-element elementor-element-8934aec elementor-button-align-center elementor-widget elementor-widget-login\" data-id=\"8934aec\" data-element_type=\"widget\" data-widget_type=\"login.default\">\n\t\t\t\t<div class=\"elementor-widget-container\">\n\t\t\t\t\t<form class=\"elementor-login elementor-form\" method=\"post\" action=\"http:\/\/prevencine.com\/wp-login.php\">\n\t\t\t<input type=\"hidden\" name=\"redirect_to\" value=\"\/en\/wp-json\/wp\/v2\/pages\/1832\">\n\t\t\t<div class=\"elementor-form-fields-wrapper\">\n\t\t\t\t<div class=\"elementor-field-type-text elementor-field-group elementor-column elementor-col-100 elementor-field-required\">\n\t\t\t\t\t<label for=\"user-8934aec\" class=\"elementor-field-label elementor-screen-only\">Nombre de usuario o correo electr\u00f3nico<\/label>\n\t\t\t\t\t<input size=\"1\" type=\"text\" name=\"log\" id=\"user-8934aec\" placeholder=\"Nombre de usuario\" class=\"elementor-field elementor-field-textual elementor-size-md\">\n\t\t\t\t<\/div>\n\t\t\t\t<div class=\"elementor-field-type-text elementor-field-group elementor-column elementor-col-100 elementor-field-required\">\n\t\t\t\t\t<label for=\"password-8934aec\" class=\"elementor-field-label elementor-screen-only\">Contrase\u00f1a<\/label>\n\t\t\t\t\t<input size=\"1\" type=\"password\" name=\"pwd\" id=\"password-8934aec\" placeholder=\"Contrase\u00f1a\" class=\"elementor-field elementor-field-textual elementor-size-md\">\n\t\t\t\t<\/div>\n\n\t\t\t\t\t\t\t\t\t<div class=\"elementor-field-type-checkbox elementor-field-group elementor-column elementor-col-100 elementor-remember-me\">\n\t\t\t\t\t\t<label for=\"elementor-login-remember-me\">\n\t\t\t\t\t\t\t<input type=\"checkbox\" id=\"elementor-login-remember-me\" name=\"rememberme\" value=\"forever\">\n\t\t\t\t\t\t\tRemember Me\t\t\t\t\t\t<\/label>\n\t\t\t\t\t<\/div>\n\t\t\t\t\n\t\t\t\t<div class=\"elementor-field-group elementor-column elementor-field-type-submit elementor-col-100\">\n\t\t\t\t\t<button type=\"submit\" class=\"elementor-size-sm elementor-button\" name=\"wp-submit\">\n\t\t\t\t\t\t\t\t\t\t\t\t\t\t\t<span class=\"elementor-button-text\">Iniciar sesi\u00f3n<\/span>\n\t\t\t\t\t\t\t\t\t\t\t\t<\/button>\n\t\t\t\t<\/div>\n\n\t\t\t\t\t\t\t\t\t<div class=\"elementor-field-group elementor-column elementor-col-100\">\n\t\t\t\t\t\t\t\t\t\t\t\t\t\t\t\t\t\t\t\t<a class=\"elementor-lost-password\" href=\"http:\/\/prevencine.com\/wp-login.php?action=lostpassword&redirect_to=%2Fen%2Fwp-json%2Fwp%2Fv2%2Fpages%2F1832\">\n\t\t\t\t\t\t\t\tLost your password?\t\t\t\t\t\t\t<\/a>\n\t\t\t\t\t\t\n\t\t\t\t\t\t\t\t\t\t\t<\/div>\n\t\t\t\t\t\t\t<\/div>\n\t\t<\/form>\n\t\t\t\t<\/div>\n\t\t\t\t<\/div>\n\t\t\t\t<div class=\"elementor-element elementor-element-88b714a elementor-widget elementor-widget-text-editor\" data-id=\"88b714a\" data-element_type=\"widget\" data-widget_type=\"text-editor.default\">\n\t\t\t\t<div class=\"elementor-widget-container\">\n\t\t\t\t\t\t\t<p style=\"text-align: center;\">Do you want to hire online training for your productions? <span style=\"color: #828282;\"><a style=\"color: #828282;\" href=\"http:\/\/prevencine.com\/en\/contacto\/\"><span style=\"text-decoration: underline;\">Contact us here<\/span><\/a><\/span><\/p>\t\t\t\t\t\t<\/div>\n\t\t\t\t<\/div>\n\t\t\t\t\t<\/div>\n\t\t<\/div>\n\t\t\t\t\t<\/div>\n\t\t<\/section>\n\t\t\t\t<\/div>","protected":false},"excerpt":{"rendered":"<p>Zona cliente Toda la informaci\u00f3n y formaci\u00f3n que necesitas, siempre accesible. EN DESARROLLOSi quieres informaci\u00f3n al respecto, ponte en contacto con nosotros \u00bfQuieres contratar formaci\u00f3n online para tus producciones? Cont\u00e1ctanos aqu\u00ed<\/p>","protected":false},"author":1,"featured_media":0,"parent":0,"menu_order":0,"comment_status":"closed","ping_status":"closed","template":"elementor_header_footer","meta":{"footnotes":""},"yoast_head":"<!-- This site is optimized with the Yoast SEO plugin v22.9 - https:\/\/yoast.com\/wordpress\/plugins\/seo\/ -->\n<title>Zona cliente - Prevencine<\/title>\n<meta name=\"description\" content=\"Toda la informaci\u00f3n y formaci\u00f3n que necesitas, siempre accesible online en tu zona de cliente de Prevencine.\" \/>\n<meta name=\"robots\" content=\"index, follow, max-snippet:-1, max-image-preview:large, max-video-preview:-1\" \/>\n<link rel=\"canonical\" href=\"http:\/\/prevencine.com\/en\/zona-clientes\/\" \/>\n<meta property=\"og:locale\" content=\"en_GB\" \/>\n<meta property=\"og:type\" content=\"article\" \/>\n<meta property=\"og:title\" content=\"Zona cliente - Prevencine\" \/>\n<meta property=\"og:description\" content=\"Toda la informaci\u00f3n y formaci\u00f3n que necesitas, siempre accesible online en tu zona de cliente de Prevencine.\" \/>\n<meta property=\"og:url\" content=\"http:\/\/prevencine.com\/en\/zona-clientes\/\" \/>\n<meta property=\"og:site_name\" content=\"Prevencine\" \/>\n<meta property=\"article:modified_time\" content=\"2023-05-19T00:19:52+00:00\" \/>\n<meta name=\"twitter:card\" content=\"summary_large_image\" \/>\n<meta name=\"twitter:label1\" content=\"Estimated reading time\" \/>\n\t<meta name=\"twitter:data1\" content=\"1 minute\" \/>\n<script type=\"application\/ld+json\" class=\"yoast-schema-graph\">{\"@context\":\"https:\/\/schema.org\",\"@graph\":[{\"@type\":\"WebPage\",\"@id\":\"https:\/\/prevencine.com\/zona-clientes\/\",\"url\":\"https:\/\/prevencine.com\/zona-clientes\/\",\"name\":\"Zona cliente - Prevencine\",\"isPartOf\":{\"@id\":\"https:\/\/prevencine.com\/#website\"},\"datePublished\":\"2021-08-04T21:08:20+00:00\",\"dateModified\":\"2023-05-19T00:19:52+00:00\",\"description\":\"Toda la informaci\u00f3n y formaci\u00f3n que necesitas, siempre accesible online en tu zona de cliente de Prevencine.\",\"breadcrumb\":{\"@id\":\"https:\/\/prevencine.com\/zona-clientes\/#breadcrumb\"},\"inLanguage\":\"en-GB\",\"potentialAction\":[{\"@type\":\"ReadAction\",\"target\":[\"https:\/\/prevencine.com\/zona-clientes\/\"]}]},{\"@type\":\"BreadcrumbList\",\"@id\":\"https:\/\/prevencine.com\/zona-clientes\/#breadcrumb\",\"itemListElement\":[{\"@type\":\"ListItem\",\"position\":1,\"name\":\"Portada\",\"item\":\"https:\/\/prevencine.com\/\"},{\"@type\":\"ListItem\",\"position\":2,\"name\":\"Zona cliente\"}]},{\"@type\":\"WebSite\",\"@id\":\"https:\/\/prevencine.com\/#website\",\"url\":\"https:\/\/prevencine.com\/\",\"name\":\"Prevencine\",\"description\":\"\",\"publisher\":{\"@id\":\"https:\/\/prevencine.com\/#organization\"},\"potentialAction\":[{\"@type\":\"SearchAction\",\"target\":{\"@type\":\"EntryPoint\",\"urlTemplate\":\"https:\/\/prevencine.com\/?s={search_term_string}\"},\"query-input\":\"required name=search_term_string\"}],\"inLanguage\":\"en-GB\"},{\"@type\":\"Organization\",\"@id\":\"https:\/\/prevencine.com\/#organization\",\"name\":\"Prevencine\",\"url\":\"https:\/\/prevencine.com\/\",\"logo\":{\"@type\":\"ImageObject\",\"inLanguage\":\"en-GB\",\"@id\":\"https:\/\/prevencine.com\/#\/schema\/logo\/image\/\",\"url\":\"http:\/\/prevencine.com\/wp-content\/uploads\/2021\/07\/B_isotipo@3x.png\",\"contentUrl\":\"http:\/\/prevencine.com\/wp-content\/uploads\/2021\/07\/B_isotipo@3x.png\",\"width\":462,\"height\":577,\"caption\":\"Prevencine\"},\"image\":{\"@id\":\"https:\/\/prevencine.com\/#\/schema\/logo\/image\/\"}}]}<\/script>\n<!-- \/ Yoast SEO plugin. -->","yoast_head_json":{"title":"Zona cliente - Prevencine","description":"Toda la informaci\u00f3n y formaci\u00f3n que necesitas, siempre accesible online en tu zona de cliente de Prevencine.","robots":{"index":"index","follow":"follow","max-snippet":"max-snippet:-1","max-image-preview":"max-image-preview:large","max-video-preview":"max-video-preview:-1"},"canonical":"http:\/\/prevencine.com\/en\/zona-clientes\/","og_locale":"en_GB","og_type":"article","og_title":"Zona cliente - Prevencine","og_description":"Toda la informaci\u00f3n y formaci\u00f3n que necesitas, siempre accesible online en tu zona de cliente de Prevencine.","og_url":"http:\/\/prevencine.com\/en\/zona-clientes\/","og_site_name":"Prevencine","article_modified_time":"2023-05-19T00:19:52+00:00","twitter_card":"summary_large_image","twitter_misc":{"Estimated reading time":"1 minute"},"schema":{"@context":"https:\/\/schema.org","@graph":[{"@type":"WebPage","@id":"https:\/\/prevencine.com\/zona-clientes\/","url":"https:\/\/prevencine.com\/zona-clientes\/","name":"Zona cliente - Prevencine","isPartOf":{"@id":"https:\/\/prevencine.com\/#website"},"datePublished":"2021-08-04T21:08:20+00:00","dateModified":"2023-05-19T00:19:52+00:00","description":"Toda la informaci\u00f3n y formaci\u00f3n que necesitas, siempre accesible online en tu zona de cliente de Prevencine.","breadcrumb":{"@id":"https:\/\/prevencine.com\/zona-clientes\/#breadcrumb"},"inLanguage":"en-GB","potentialAction":[{"@type":"ReadAction","target":["https:\/\/prevencine.com\/zona-clientes\/"]}]},{"@type":"BreadcrumbList","@id":"https:\/\/prevencine.com\/zona-clientes\/#breadcrumb","itemListElement":[{"@type":"ListItem","position":1,"name":"Portada","item":"https:\/\/prevencine.com\/"},{"@type":"ListItem","position":2,"name":"Zona cliente"}]},{"@type":"WebSite","@id":"https:\/\/prevencine.com\/#website","url":"https:\/\/prevencine.com\/","name":"Prevencine","description":"","publisher":{"@id":"https:\/\/prevencine.com\/#organization"},"potentialAction":[{"@type":"SearchAction","target":{"@type":"EntryPoint","urlTemplate":"https:\/\/prevencine.com\/?s={search_term_string}"},"query-input":"required name=search_term_string"}],"inLanguage":"en-GB"},{"@type":"Organization","@id":"https:\/\/prevencine.com\/#organization","name":"Prevencine","url":"https:\/\/prevencine.com\/","logo":{"@type":"ImageObject","inLanguage":"en-GB","@id":"https:\/\/prevencine.com\/#\/schema\/logo\/image\/","url":"http:\/\/prevencine.com\/wp-content\/uploads\/2021\/07\/B_isotipo@3x.png","contentUrl":"http:\/\/prevencine.com\/wp-content\/uploads\/2021\/07\/B_isotipo@3x.png","width":462,"height":577,"caption":"Prevencine"},"image":{"@id":"https:\/\/prevencine.com\/#\/schema\/logo\/image\/"}}]}},"_links":{"self":[{"href":"http:\/\/prevencine.com\/en\/wp-json\/wp\/v2\/pages\/1832"}],"collection":[{"href":"http:\/\/prevencine.com\/en\/wp-json\/wp\/v2\/pages"}],"about":[{"href":"http:\/\/prevencine.com\/en\/wp-json\/wp\/v2\/types\/page"}],"author":[{"embeddable":true,"href":"http:\/\/prevencine.com\/en\/wp-json\/wp\/v2\/users\/1"}],"replies":[{"embeddable":true,"href":"http:\/\/prevencine.com\/en\/wp-json\/wp\/v2\/comments?post=1832"}],"version-history":[{"count":91,"href":"http:\/\/prevencine.com\/en\/wp-json\/wp\/v2\/pages\/1832\/revisions"}],"predecessor-version":[{"id":5415,"href":"http:\/\/prevencine.com\/en\/wp-json\/wp\/v2\/pages\/1832\/revisions\/5415"}],"wp:attachment":[{"href":"http:\/\/prevencine.com\/en\/wp-json\/wp\/v2\/media?parent=1832"}],"curies":[{"name":"wp","href":"https:\/\/api.w.org\/{rel}","templated":true}]}}